{"id":2809,"date":"2015-11-02T18:11:53","date_gmt":"2015-11-02T17:11:53","guid":{"rendered":"http:\/\/www.thewhiterock.co.uk\/?page_id=2809"},"modified":"2015-11-02T18:15:22","modified_gmt":"2015-11-02T17:15:22","slug":"the-forgotten-dream-the-jesuits-in-argentina","status":"publish","type":"page","link":"https:\/\/www.thewhiterock.co.uk\/?page_id=2809","title":{"rendered":"The Forgotten Dream:  The Jesuits in Argentina"},"content":{"rendered":"<div class=\"fullstory fullstoryHeader clearfix\" data-comp-name=\"fullstory\" data-comp-view=\"fullstory_title\" data-comp-index=\"0\" data-timer-key=\"8\">\n<div class=\"newStoryToolsContainer clearfix\">\n<div class=\"clearfix ft-new-story-tools-box\">\n<p>published in the\u00a0<em>Financial Times,<\/em>\u00a0October 30, 2015<\/p>\n<\/div>\n<\/div>\n<\/div>\n<div class=\"fullstory fullstoryBody\" data-comp-name=\"fullstory\" data-comp-view=\"fullstory\" data-comp-index=\"1\" data-timer-key=\"9\">\n<div class=\"standfirst\"><em>The religious settlements that once provided a utopian refuge for indigenous people are re-emerging<\/em><\/div>\n<div class=\"standfirst\">.<\/div>\n<div class=\"standfirst\"><\/div>\n<div id=\"storyContent\" class=\"p402_premium\">\n<div class=\"fullstoryImage fullstoryImageHybrid article\">\n<p><span class=\"story-image\"><img decoding=\"async\" src=\"http:\/\/im.ft-static.com\/content\/images\/5d758816-07f8-4ac2-9556-5d89471e2217.img\" alt=\"Jesuit ruins at Santa Ana in Misiones, Argentina\" \/><\/span><\/p>\n<p class=\"caption\"><em>Jesuit ruins at Santa Ana in Misiones, Argentina<\/em><\/p>\n<p class=\"caption\">.<\/p>\n<\/div>\n<p><strong>The province of Misiones in Argentina\u00a0is an anomaly<\/strong> \u2014 a long finger of land sneaking out from the north-east of the country between Paraguay and Brazil, covered in dense forest and far removed from the wide-open <em>pampas<\/em> roamed by gauchos and cattle. Most people come here for the Iguazu Falls, which straddle the border with Brazil and have become a stopping-off point on any fast-track gringo trail across the continent, with good flight connections to both Lima and S\u00e3o Paulo. Flying in, you can already see from the plane the huge spumes of spray rising above the jungle as the Iguazu river takes its dramatic plunge.<\/p>\n<p>But further south lie the far less visited ruins that gave the province its name: the Jesuit missionary settlements that for 150 years provided a utopian, if controversial, alternative for native Indians to the slaughter enacted elsewhere on the continent.<\/p>\n<div class=\"insideArticleShare\"><\/div>\n<div class=\"shareArt\"><\/div>\n<p>Driving down from the falls to visit them, I was struck by how much better preserved the forests of this region are on the Argentine side than the Brazilian. Aside from one police patrol car \u2014 whose occupants were too busy drinking <em>mate<\/em> tea to bother with our speeding taxi \u2014 there was hardly any traffic.<\/p>\n<p>Such is their worldwide influence, it is sometimes forgotten that the Jesuits were founded with the express purpose of spreading Christianity to the New World. In the mid-1530s, a young Spaniard, Ignacio de Loyola, learnt that an expedition was to be sent to colonise the lands of the river Plate, so he gathered friends and created the Society of Jesus.<\/p>\n<p>.<\/p>\n<p><img loading=\"lazy\" decoding=\"async\" class=\"alignleft\" src=\"http:\/\/im.ft-static.com\/content\/images\/2c8d4476-7ead-11e5-a1fe-567b37f80b64.img\" alt=\"\" width=\"213\" height=\"224\" \/>.<\/p>\n<p>When it proved difficult for the Spanish forces to hold down the area around Buenos Aires against local Indians, they moved inland towards Paraguay and the Jesuits went with them. The Guaran\u00ed tribe they found there, whose territory extended across the Atlantic forests, proved unusually susceptible to Christianity, and they made many converts. Antonio Ruiz de Montoya, one of the leading Jesuits, is said to have baptised 100,000 Indians.<\/p>\n<p>.<\/p>\n<p><strong>There followed one of the most remarkable assisted migrations in history.<\/strong> Brazilian slave traders were continually trying to capture the Guaran\u00ed, so Ruiz de Montoya decided to move them south to safety in new Jesuit settlements along the river Paran\u00e1. Sailing downstream in hundreds of canoes, the men, women and children of the tribe had to bypass the great waterfalls of Guair\u00e1 and escape the traders who attacked them from behind palisades.<\/p>\n<div class=\"fullstoryImage fullstoryImageRight inline\">.<\/div>\n<div class=\"fullstoryImage fullstoryImageRight inline\">.<\/div>\n<p>The eminent historian of the Amazonian Indians, John Hemming, has described what a magisterial sight this must have been as they \u201cglided down the broad grey rivers of the Paran\u00e1, each canoe filled with white-robed Indians, some with a black-gowned Jesuit under an awning amidships, with the congregation breaking into religious song to raise its spirits and inspire the rowers\u201d.<\/p>\n<figure style=\"width: 350px\" class=\"wp-caption alignright\"><img loading=\"lazy\" decoding=\"async\" src=\"http:\/\/im.ft-static.com\/content\/images\/d1fe96e0-7eac-11e5-a1fe-567b37f80b64.img\" alt=\"Ruins at San Ignacio Mini\" width=\"350\" height=\"233\" \/><figcaption class=\"wp-caption-text\">Ruins at San Ignacio Mini<\/figcaption><\/figure>\n<p>.<\/p>\n<p>On arriving at San Ignacio Min\u00ed, the most restored of the surviving mission settlements, I was struck by the scale and vision of the Jesuits. In addition to a central church, they built workshops and carved orchards out of the jungle. The Indians working on the plantation had relatively short working days of six to seven hours compared to the near perpetual servitude in mines and fields elsewhere on the continent. All this was done with the close co-operation of the Guaran\u00ed \u2014 indeed often there were just two Jesuit priests in a settlement of thousands of Indians and administration would take place jointly between priests and local <em>caciques<\/em> (rulers).<\/p>\n<p>I wandered around the large central plaza past swallowtails and yellow flycatchers. My local guide, Marcelo Sanchez, told me that one of the most startling consequences of the Jesuit conversions was the Guaran\u00ed adoption of monogamy; although he added that the Jesuit policy of insisting on early marriages at about 15 in order, as they wrote, \u201cto avoid many evils\u201d, was problematic.<\/p>\n<div class=\"fullstoryImage fullstoryImageLeft inline\">\u00a0.<\/div>\n<p>Sanchez and I went together to the nearby settlement of Nuestra Se\u00f1ora de Loreto, less restored than San Ignacio Min\u00ed but the largest mission in the region. By 1700, Loreto had overtaken Buenos Aires in size, with a population of about 7,000. Only the three central hectares of this site that once sprawled across 72 have been recovered from the jungle, although work has picked up now thanks to renewed funding and there is a new museum. As Sanchez drily commented, it helps that the Catholic world has for the first time a Pope who is both Argentine and Jesuit.<\/p>\n<p><strong>The deserted ruins had tremendous atmosphere.<\/strong> When I visited it was pouring with rain, and the giant trees and lianas that had grown up over the buildings were shining. Sanchez told me that he was of mixed blood, like many in the region: mainly Guaran\u00ed but with German and Portuguese ancestry as well. \u201cWe\u2019re like a salad in this state \u2014 all mixed up.\u201d<\/p>\n<p>He stopped to show me a small herb he called <em>isipo<\/em> growing over a set of circular steps leading up to a ruined gate. \u201cThis herb was a favourite of my grandmother\u2019s. It was an aphrodisiac. She needed it as she was 16 when she married my 65-year-old grandfather. And it worked \u2014 they had four children.<\/p>\n<p>I nodded politely. It was hard to know quite what to say in response.<\/p>\n<p><a href=\"https:\/\/www.thewhiterock.co.uk\/wp-content\/uploads\/2015\/11\/IMG_0312-tomb-for-Ruiz-de-Mendoza-lo-res.jpg\"><img loading=\"lazy\" decoding=\"async\" class=\"alignleft size-medium wp-image-2817\" src=\"https:\/\/www.thewhiterock.co.uk\/wp-content\/uploads\/2015\/11\/IMG_0312-tomb-for-Ruiz-de-Mendoza-lo-res-300x200.jpg\" alt=\"IMG_0312 tomb for Ruiz de Mendoza lo res\" width=\"300\" height=\"200\" srcset=\"https:\/\/www.thewhiterock.co.uk\/wp-content\/uploads\/2015\/11\/IMG_0312-tomb-for-Ruiz-de-Mendoza-lo-res-300x200.jpg 300w, https:\/\/www.thewhiterock.co.uk\/wp-content\/uploads\/2015\/11\/IMG_0312-tomb-for-Ruiz-de-Mendoza-lo-res-1024x683.jpg 1024w\" sizes=\"(max-width: 300px) 100vw, 300px\" \/><\/a>.<\/p>\n<p>In the grass near the ruins was a small memorial stone to Antonio Ruiz de Montoya \u2014 much loved by the Guaran\u00ed for leading them to safety and petitioning Spain for their continued legal protection. It was here at Loreto that the first printing press was established in Latin America. The Jesuits ensured that some books were printed in Guaran\u00ed. Ruiz de Montoya himself compiled a comprehensive dictionary of the language that is still acclaimed by linguists.<\/p>\n<p>When I visited a third settlement nearby, Santa Ana, the sheer ambition of the civilisation brought here by the Jesuits became apparent \u2014 each mission settlement had a huge central plaza and fine baroque architecture, often with native Guaran\u00ed elements woven into sculptures. Where else would you see a carved angel playing the maracas?<\/p>\n<p>.<\/p>\n<p>Nevertheless, the Jesuit settlements were controversial.<strong> Were they preserving the Guaran\u00ed or exploiting them?<\/strong> Many natives resisted the approaches of the Jesuits, preferring to take their chances in the jungle against the slave traders but keep their ancient customs.<\/p>\n<div class=\"fullstoryImage fullstoryImageLeft inline\"><\/div>\n<p>Voltaire \u2014 a lifetime opponent of the order since his education at their hands \u2014 wrote a caustic passage in which Candide travels to the area: \u201cIt is an admirable thing, this government. The kingdom is more than 300 leagues across. It is divided into 30 provinces. Los Padres [the Jesuits] own everything in it and the people have nothing; \u2019tis a masterpiece of reason and justice.\u201d<\/p>\n<p>The time came when the kings of Spain and Portugal were no longer happy with what they saw as the meddling interference of the Jesuits. The Treaty of Madrid in 1750 redrew the boundaries of Brazil and the Spanish territories, effectively cutting the mission lands in half. Those Guaran\u00ed assigned to Brazil rebelled at the thought of being taken for slaves and one of the last indigenous uprisings against Europeans, the Guaran\u00ed war of 1753-56, resulted in the slaughter of the battle of Caibat\u00e9: 1,400 Guaran\u00ed died compared with only three of their Spanish and Portuguese attackers. This war was later memorialised in <em>The Mission<\/em> (1986), although the film gives a hyperbolic view of events. By 1767, the Jesuits had been expelled from Spanish and Portuguese territories and the missions fell into disrepair.<\/p>\n<p><strong>Contemporary Argentine attitudes to the Jesuits are mixed.<\/strong> Not until 1940 was San Ignacio Min\u00ed, the most accessible site from the river, visited by some architects from Buenos Aires who initiated the slow process of restoration. But the majority of the other settlements have either been subsumed under new towns or lost in the jungle.<\/p>\n<figure id=\"attachment_2822\" aria-describedby=\"caption-attachment-2822\" style=\"width: 300px\" class=\"wp-caption alignright\"><a href=\"https:\/\/www.thewhiterock.co.uk\/wp-content\/uploads\/2015\/11\/20150503_161018.jpg\"><img loading=\"lazy\" decoding=\"async\" class=\"wp-image-2822 size-medium\" src=\"https:\/\/www.thewhiterock.co.uk\/wp-content\/uploads\/2015\/11\/20150503_161018-300x169.jpg\" alt=\"20150503_161018\" width=\"300\" height=\"169\" srcset=\"https:\/\/www.thewhiterock.co.uk\/wp-content\/uploads\/2015\/11\/20150503_161018-300x169.jpg 300w, https:\/\/www.thewhiterock.co.uk\/wp-content\/uploads\/2015\/11\/20150503_161018-1024x576.jpg 1024w\" sizes=\"(max-width: 300px) 100vw, 300px\" \/><\/a><figcaption id=\"caption-attachment-2822\" class=\"wp-caption-text\">John Fernandes in his Secret Garden<\/figcaption><\/figure>\n<p>When I first visited the falls of Iguaz\u00fa 20 years ago, I came with a friend, John Fernandes, who had long dreamt of establishing a guesthouse there in the jungle. That dream has since come to fruition and his Secret Garden is a small, exclusive place from which to visit both the falls and the missionary settlements. John has used his time to produce a small monograph on the history of the Jesuit missions and while we celebrated our reunion in his tropical garden with champagne and pizza, he told me how strange it was that the Jesuit legacy was still so undervalued and ignored.<\/p>\n<p>The story of native Indians being treated badly by Europeans is hardly novel in Latin America. From Mexico to Patagonia the same thing happened. But what makes the story of the Guaran\u00ed so peculiarly heartbreaking is that for some 150 years the process was reversed. Until the Jesuits were expelled, the Guaran\u00ed did enjoy a standard of life high enough for them to rebel at the prospect of losing it due to the arbitrary redrawing of lines on a map in Europe.<\/p>\n<p>One reason the Jesuits built the missions here was to exploit the nearby wetlands in the neighbouring province of Corrientes, where they could keep cattle as it was less disease-prone than the forests. I ended my trip with a visit to those wetlands, with their fabulous wildlife: capybara, caimans and kingfishers. As I glided along the canal of San Miguel, cut by the Jesuits, I reflected on how the jungle has always had a capacity to ruthlessly obscure the best attempts of man to cultivate it, whether it be the Maya in the Yucat\u00e1n or Henry Ford in his Brazilian rubber plantation. The achievements of the Jesuits have been shrouded by both vegetation and prejudice for centuries \u2014 but, slowly, they are being revealed to the light once more.<\/p>\n<p data-track-pos=\"0\"><em>Hugh Thomson\u2019s books on Latin America include \u2018<a title=\"amazon.co.uk\" href=\"http:\/\/www.amazon.co.uk\/gp\/product\/0753813580\/ref=as_li_qf_sp_asin_il_tl?ie=UTF8&amp;camp=1634&amp;creative=6738&amp;creativeASIN=0753813580&amp;linkCode=as2&amp;tag=finantimes-21\" target=\"_blank\">The White Rock<\/a>\u2019, \u2018<a title=\"amazon.co.uk\" href=\"http:\/\/www.amazon.co.uk\/gp\/product\/0753822075\/ref=as_li_qf_sp_asin_il_tl?ie=UTF8&amp;camp=1634&amp;creative=6738&amp;creativeASIN=0753822075&amp;linkCode=as2&amp;tag=finantimes-21\" target=\"_blank\">Cochineal Red<\/a>\u2019 and \u2018<a title=\"amazon.co.uk\" href=\"http:\/\/www.amazon.co.uk\/gp\/product\/0753826941\/ref=as_li_qf_sp_asin_il_tl?ie=UTF8&amp;camp=1634&amp;creative=6738&amp;creativeASIN=0753826941&amp;linkCode=as2&amp;tag=finantimes-21\" target=\"_blank\">Tequila Oil<\/a>\u2019 (Weidenfeld &amp; Nicolson). His recent radio series \u2018Two Men and A Mule\u2019 is available at <a title=\"BBC homepage\" href=\"http:\/\/www.bbc.co.uk\/\" target=\"_blank\">bbc.co.uk<\/a><\/em><\/p>\n<p>.<\/p>\n<figure style=\"width: 350px\" class=\"wp-caption alignleft\"><img loading=\"lazy\" decoding=\"async\" src=\"http:\/\/im.ft-static.com\/content\/images\/ce999eaa-7eac-11e5-a1fe-567b37f80b64.img\" alt=\"Iguazu Falls\" width=\"350\" height=\"233\" \/><figcaption class=\"wp-caption-text\">Iguazu Falls<\/figcaption><\/figure>\n<p><strong>Details<\/strong><\/p>\n<p data-track-pos=\"1\">Hugh Thomson was a guest of <a title=\"audleytravel.com\" href=\"http:\/\/www.audleytravel.com\/\" target=\"_blank\">Audley Travel<\/a>, the airline <a title=\"latam.com\" href=\"http:\/\/www.latam.com\/\" target=\"_blank\">Latam<\/a> and the <a title=\"nusshotel.com\" href=\"http:\/\/www.nusshotel.com\/hotel-overview.html\" target=\"_blank\">Nuss hotel<\/a>, Buenos Aires. Audley offers a week\u2019s tour of the missions and wetlands from \u00a33,230 per person, staying at the <a title=\"hotelpuertovalle.com\" href=\"http:\/\/hotelpuertovalle.com\/\" target=\"_blank\">Puerto Valle wildlife lodge<\/a> in the Ibera Wetlands and the<a title=\"donpuertobemberglodge.com\" href=\"http:\/\/www.donpuertobemberglodge.com\/\" target=\"_blank\">Hotel Puerto Bemberg<\/a> on the Paran\u00e1 river and including a private guide, transfers and flights from London. For independent travellers, John Fernandes\u2019 guesthouse,<a title=\"secretgardeniguazu.com\" href=\"http:\/\/secretgardeniguazu.com\/\" target=\"_blank\">The Secret Garden<\/a> in Puerto Iguaz\u00fa, makes a good base. \u2018Exploring Utopia\u2019 (2015) by John Fernandes and Andrew Graham-Yooll is published by Aurelia Rivera Libros.<\/p>\n<\/div>\n<\/div>\n","protected":false},"excerpt":{"rendered":"<p>published in the\u00a0Financial Times,\u00a0October 30, 2015 The religious settlements that once provided a utopian refuge for indigenous people are re-emerging . Jesuit ruins at Santa Ana in Misiones, Argentina . The province of Misiones in Argentina\u00a0is an anomaly \u2014 a long finger of land sneaking out from the north-east of the country between Paraguay and [&hellip;]<\/p>\n","protected":false},"author":1,"featured_media":0,"parent":63,"menu_order":0,"comment_status":"open","ping_status":"closed","template":"page-without-sidebar.php","meta":{"site-sidebar-layout":"default","site-content-layout":"","ast-site-content-layout":"","site-content-style":"default","site-sidebar-style":"default","ast-global-header-display":"","ast-banner-title-visibility":"","ast-main-header-display":"","ast-hfb-above-header-display":"","ast-hfb-below-header-display":"","ast-hfb-mobile-header-display":"","site-post-title":"","ast-breadcrumbs-content":"","ast-featured-img":"","footer-sml-layout":"","theme-transparent-header-meta":"","adv-header-id-meta":"","stick-header-meta":"","header-above-stick-meta":"","header-main-stick-meta":"","header-below-stick-meta":"","astra-migrate-meta-layouts":"default","ast-page-background-enabled":"default","ast-page-background-meta":{"desktop":{"background-color":"var(--ast-global-color-4)","background-image":"","background-repeat":"repeat","background-position":"center center","background-size":"auto","background-attachment":"scroll","background-type":"","background-media":"","overlay-type":"","overlay-color":"","overlay-opacity":"","overlay-gradient":""},"tablet":{"background-color":"","background-image":"","background-repeat":"repeat","background-position":"center center","background-size":"auto","background-attachment":"scroll","background-type":"","background-media":"","overlay-type":"","overlay-color":"","overlay-opacity":"","overlay-gradient":""},"mobile":{"background-color":"","background-image":"","background-repeat":"repeat","background-position":"center center","background-size":"auto","background-attachment":"scroll","background-type":"","background-media":"","overlay-type":"","overlay-color":"","overlay-opacity":"","overlay-gradient":""}},"ast-content-background-meta":{"desktop":{"background-color":"var(--ast-global-color-5)","background-image":"","background-repeat":"repeat","background-position":"center center","background-size":"auto","background-attachment":"scroll","background-type":"","background-media":"","overlay-type":"","overlay-color":"","overlay-opacity":"","overlay-gradient":""},"tablet":{"background-color":"var(--ast-global-color-5)","background-image":"","background-repeat":"repeat","background-position":"center center","background-size":"auto","background-attachment":"scroll","background-type":"","background-media":"","overlay-type":"","overlay-color":"","overlay-opacity":"","overlay-gradient":""},"mobile":{"background-color":"var(--ast-global-color-5)","background-image":"","background-repeat":"repeat","background-position":"center center","background-size":"auto","background-attachment":"scroll","background-type":"","background-media":"","overlay-type":"","overlay-color":"","overlay-opacity":"","overlay-gradient":""}},"footnotes":""},"class_list":["post-2809","page","type-page","status-publish","hentry"],"_links":{"self":[{"href":"https:\/\/www.thewhiterock.co.uk\/index.php?rest_route=\/wp\/v2\/pages\/2809"}],"collection":[{"href":"https:\/\/www.thewhiterock.co.uk\/index.php?rest_route=\/wp\/v2\/pages"}],"about":[{"href":"https:\/\/www.thewhiterock.co.uk\/index.php?rest_route=\/wp\/v2\/types\/page"}],"author":[{"embeddable":true,"href":"https:\/\/www.thewhiterock.co.uk\/index.php?rest_route=\/wp\/v2\/users\/1"}],"replies":[{"embeddable":true,"href":"https:\/\/www.thewhiterock.co.uk\/index.php?rest_route=%2Fwp%2Fv2%2Fcomments&post=2809"}],"version-history":[{"count":16,"href":"https:\/\/www.thewhiterock.co.uk\/index.php?rest_route=\/wp\/v2\/pages\/2809\/revisions"}],"predecessor-version":[{"id":2827,"href":"https:\/\/www.thewhiterock.co.uk\/index.php?rest_route=\/wp\/v2\/pages\/2809\/revisions\/2827"}],"up":[{"embeddable":true,"href":"https:\/\/www.thewhiterock.co.uk\/index.php?rest_route=\/wp\/v2\/pages\/63"}],"wp:attachment":[{"href":"https:\/\/www.thewhiterock.co.uk\/index.php?rest_route=%2Fwp%2Fv2%2Fmedia&parent=2809"}],"curies":[{"name":"wp","href":"https:\/\/api.w.org\/{rel}","templated":true}]}}